{"id":5872,"date":"2016-11-07T15:10:55","date_gmt":"2016-11-07T15:10:55","guid":{"rendered":"http:\/\/darshan.life\/?page_id=5872"},"modified":"2016-11-07T15:12:31","modified_gmt":"2016-11-07T15:12:31","slug":"family-constellations-pack-with-5-dvds","status":"publish","type":"page","link":"https:\/\/darshan.life\/en\/products\/family-constellations-pack-with-5-dvds\/","title":{"rendered":"Family Constellations \u2013 PACK with 5 DVD\u2019s"},"content":{"rendered":"<p>[vc_row][vc_column][vc_empty_space][\/vc_column][\/vc_row][vc_row][vc_column width=&#8221;1\/2&#8243;][vc_single_image image=&#8221;4811&#8243; img_size=&#8221;full&#8221; alignment=&#8221;center&#8221;][\/vc_column][vc_column width=&#8221;1\/2&#8243;][vc_custom_heading text=&#8221;Constela\u00e7\u00f5es Familiares \u2013 PACK com 5 DVD\u2019s&#8221; use_theme_fonts=&#8221;yes&#8221;][vc_column_text]<\/p>\n<h3 class=\"price\">60,00\u20ac <span style=\"text-decoration: line-through;\">(120\u20ac)<\/span><\/h3>\n<p>[\/vc_column_text][vc_btn title=&#8221;Encomendar&#8221; shape=&#8221;square&#8221; align=&#8221;center&#8221; button_block=&#8221;true&#8221; link=&#8221;url:%23contact||&#8221;][\/vc_column][\/vc_row][vc_row][vc_column][vc_column_text]<\/p>\n<p style=\"text-align: justify;\"><strong>Disc 1<\/strong><\/p>\n<p style=\"text-align: justify;\">1 Abortions made to avoid living the consequences of getting pregnant in contexts \u201cinconvenient\u201d \u2013 Freeing nodes retained in the mother\u2019s unconscious, thus creating a new space for daughter\u2019s life<br \/>\n2 \u2013 Loading anguish and guilt: parents\u2019 divorce \u2013 Stop being the child of divorced parents and become now the adult mother on the way to divorce<br \/>\n3 \u2013 Cystitis Chronic \u2013 taking the suffering of the mother herself \u2013 Mother, what he did to you, he did not to me<\/p>\n<p style=\"text-align: justify;\"><strong>Disc 2<\/strong><\/p>\n<p style=\"text-align: justify;\">4 Desiring to have a fulfilled relationship with a man \u2013 Leaving the absent father back: \u201cA woman needs a man\u201d<br \/>\n5- The tumultosa relationship between mother and daughter based on a family secret \u2013 Walking towards an enlightened love \/ conscious<br \/>\n6 Feeling blocked \u2013 Where is my place in the world? \u2013 Our home is where the heart is<\/p>\n<p style=\"text-align: justify;\"><strong>Disc 3<\/strong><\/p>\n<p style=\"text-align: justify;\">7 Healing Sexual Abuse \/ Split Personality \u2013 There is a place in the sun for everyone<br \/>\n8 \u2013 Brothers, voluntary abortions and miscarriages \u2013 How many are we, anyway?<br \/>\n9 \u2013 Life and Death \u2013 were born to live and live to die<\/p>\n<p style=\"text-align: justify;\"><strong>Disc 4<\/strong><\/p>\n<p style=\"text-align: justify;\">10- Exposing them to the energy field of Family Constellations \u2013 The light that shines in you also shine on me<br \/>\n11- Freeing the negative ties with former colonies \u2013 Portugal will be the country least European EU?<br \/>\n12- Family Constellations the service of pedagogy \u2013 Discover how they lived and wrote the authors<br \/>\n13- HOW TO MAKE A SINGLE SESSION \u2013 Restoring the link with the mother and sister in the country of origin \u2013 Sending SMS before visiting the family at the end of two years: \u201cWhen you arrive just want hugs and kisses\u201d<\/p>\n<p style=\"text-align: justify;\"><strong>Disc 5<\/strong><\/p>\n<p style=\"text-align: justify;\">exercises<br \/>\n1. What is the issue I want to raise my Constellation? Exercise in pairs.<br \/>\n2 \u2013 I and death. Exercise three.<br \/>\n3 \u2013 identifying a person excluded in the family. Exercise in pairs.<br \/>\n4 \u2013 Be his father and interact with the child we were. Exercise in pairs.<br \/>\n5 \u2013 Representing another participant in the workshop to learn how to feel the group, including Constelador. Exercise in pairs.<\/p>\n<p style=\"text-align: justify;\">Views<br \/>\n1 \u2013 \u201cMother, now receive you as my mother and you can have me as your daughter \/ son.\u201d<br \/>\n2 \u2013 Find guidelines of the family system for life or any issue, including disease.<br \/>\n3 \u2013 Integrating harmoniously the child that we were and the adult you are today.<\/p>\n<p>[\/vc_column_text][\/vc_column][\/vc_row][vc_row el_id=&#8221;contact&#8221;][vc_column][vc_empty_space][\/vc_column][\/vc_row][vc_row][vc_column width=&#8221;1\/2&#8243;][vc_custom_heading text=&#8221;Order&#8221; use_theme_fonts=&#8221;yes&#8221;][vc_column_text]Please fill in the form on the right to order[\/vc_column_text][vc_single_image image=&#8221;4811&#8243; img_size=&#8221;full&#8221; alignment=&#8221;center&#8221;][vc_column_text]<\/p>\n<h3 class=\"price\">60,00\u20ac <span style=\"text-decoration: line-through;\">(120\u20ac)<\/span><\/h3>\n<p>[\/vc_column_text][\/vc_column][vc_column width=&#8221;1\/2&#8243;][vc_empty_space height=&#8221;12px&#8221;]\n<div class=\"wpcf7 no-js\" id=\"wpcf7-f5621-o1\" lang=\"en-US\" dir=\"ltr\" data-wpcf7-id=\"5621\">\n<div class=\"screen-reader-response\"><p role=\"status\" aria-live=\"polite\" aria-atomic=\"true\"><\/p> <ul><\/ul><\/div>\n<form action=\"\/en\/wp-json\/wp\/v2\/pages\/5872\/#wpcf7-f5621-o1\" method=\"post\" class=\"wpcf7-form init\" aria-label=\"Contact form\" novalidate=\"novalidate\" data-status=\"init\">\n<fieldset class=\"hidden-fields-container\"><input type=\"hidden\" name=\"_wpcf7\" value=\"5621\" \/><input type=\"hidden\" name=\"_wpcf7_version\" value=\"6.1.5\" \/><input type=\"hidden\" name=\"_wpcf7_locale\" value=\"en_US\" \/><input type=\"hidden\" name=\"_wpcf7_unit_tag\" value=\"wpcf7-f5621-o1\" \/><input type=\"hidden\" name=\"_wpcf7_container_post\" value=\"0\" \/><input type=\"hidden\" name=\"_wpcf7_posted_data_hash\" value=\"\" \/>\n<\/fieldset>\n<p>Nome*\n<\/p>\n<p><span class=\"wpcf7-form-control-wrap\" data-name=\"your-name\"><input size=\"40\" maxlength=\"400\" class=\"wpcf7-form-control wpcf7-text wpcf7-validates-as-required\" aria-required=\"true\" aria-invalid=\"false\" value=\"\" type=\"text\" name=\"your-name\" \/><\/span>\n<\/p>\n<p>Email*\n<\/p>\n<p><span class=\"wpcf7-form-control-wrap\" data-name=\"your-email\"><input size=\"40\" maxlength=\"400\" class=\"wpcf7-form-control wpcf7-email wpcf7-validates-as-required wpcf7-text wpcf7-validates-as-email\" aria-required=\"true\" aria-invalid=\"false\" value=\"\" type=\"email\" name=\"your-email\" \/><\/span>\n<\/p>\n<p>Produto pretendido*\n<\/p>\n<p><span class=\"wpcf7-form-control-wrap\" data-name=\"menu-714\"><select class=\"wpcf7-form-control wpcf7-select\" aria-invalid=\"false\" name=\"menu-714\"><option value=\"\">&#8212;Please choose an option&#8212;<\/option><option value=\"DVD de Constela\u00e7\u00f5es Familiares \u2013 PACK 1\">DVD de Constela\u00e7\u00f5es Familiares \u2013 PACK 1<\/option><option value=\"Constela\u00e7\u00f5es Familiares \u2013 PACK  5 DVD\u2019s\">Constela\u00e7\u00f5es Familiares \u2013 PACK  5 DVD\u2019s<\/option><option value=\"OSHO Medita\u00e7\u00e3o Devavani\u2122\">OSHO Medita\u00e7\u00e3o Devavani\u2122<\/option><option value=\"OSHO Medita\u00e7\u00e3o do Cora\u00e7\u00e3o\u2122\">OSHO Medita\u00e7\u00e3o do Cora\u00e7\u00e3o\u2122<\/option><option value=\"OSHO Medita\u00e7\u00e3o Chakra Sounds\u2122\">OSHO Medita\u00e7\u00e3o Chakra Sounds\u2122<\/option><option value=\"OSHO Medita\u00e7\u00e3o Din\u00e2mica\u2122\">OSHO Medita\u00e7\u00e3o Din\u00e2mica\u2122<\/option><option value=\"OSHO Medita\u00e7\u00e3o Kundalini\">OSHO Medita\u00e7\u00e3o Kundalini<\/option><option value=\"OSHO Medita\u00e7\u00e3o Mahamudra\u2122\">OSHO Medita\u00e7\u00e3o Mahamudra\u2122<\/option><option value=\"OSHO Medita\u00e7\u00e3o Nadabrahma\u2122\">OSHO Medita\u00e7\u00e3o Nadabrahma\u2122<\/option><option value=\"OSHO Medita\u00e7\u00e3o Nataraj\u2122\">OSHO Medita\u00e7\u00e3o Nataraj\u2122<\/option><option value=\"OSHO Medita\u00e7\u00e3o No Dimensions\u2122\">OSHO Medita\u00e7\u00e3o No Dimensions\u2122<\/option><option value=\"OSHO Medita\u00e7\u00e3o Chakra Breathing\u2122\">OSHO Medita\u00e7\u00e3o Chakra Breathing\u2122<\/option><option value=\"OSHO Medita\u00e7\u00e3o Mandala\u2122\">OSHO Medita\u00e7\u00e3o Mandala\u2122<\/option><option value=\"OSHO Medita\u00e7\u00e3o Gourishankar\u2122\">OSHO Medita\u00e7\u00e3o Gourishankar\u2122<\/option><\/select><\/span>\n<\/p>\n<p>Mensagem\n<\/p>\n<p><span class=\"wpcf7-form-control-wrap\" data-name=\"your-message\"><textarea cols=\"40\" rows=\"10\" maxlength=\"2000\" class=\"wpcf7-form-control wpcf7-textarea\" aria-invalid=\"false\" name=\"your-message\">(se necess\u00e1rio indique aqui outros produtos que pretenda)<\/textarea><\/span>\n<\/p>\n<p><input class=\"wpcf7-form-control wpcf7-submit has-spinner\" type=\"submit\" value=\"Enviar\" \/>\n<\/p><div class=\"wpcf7-response-output\" aria-hidden=\"true\"><\/div>\n<\/form>\n<\/div>\n[\/vc_column][\/vc_row]<\/p>\n<!-- AddThis Advanced Settings generic via filter on the_content --><!-- AddThis Share Buttons generic via filter on the_content -->","protected":false},"excerpt":{"rendered":"<p>[vc_row][vc_column][vc_empty_space][\/vc_column][\/vc_row][vc_row][vc_column width=&#8221;1\/2&#8243;][vc_single_image image=&#8221;4811&#8243; img_size=&#8221;full&#8221; alignment=&#8221;center&#8221;][\/vc_column][vc_column width=&#8221;1\/2&#8243;][vc_custom_heading text=&#8221;Constela\u00e7\u00f5es Familiares \u2013 PACK com 5 DVD\u2019s&#8221; use_theme_fonts=&#8221;yes&#8221;][vc_column_text] 60,00\u20ac (120\u20ac) [\/vc_column_text][vc_btn title=&#8221;Encomendar&#8221; shape=&#8221;square&#8221; align=&#8221;center&#8221; button_block=&#8221;true&#8221; link=&#8221;url:%23contact||&#8221;][\/vc_column][\/vc_row][vc_row][vc_column][vc_column_text] Disc 1 1 Abortions made to avoid living<span class=\"excerpt-hellip\"> [\u2026]<\/span><!-- AddThis Advanced Settings generic via filter on get_the_excerpt --><!-- AddThis Share Buttons generic via filter on get_the_excerpt --><\/p>\n","protected":false},"author":7,"featured_media":0,"parent":5974,"menu_order":0,"comment_status":"closed","ping_status":"closed","template":"","meta":{"footnotes":""},"class_list":["post-5872","page","type-page","status-publish","hentry"],"yoast_head":"<!-- This site is optimized with the Yoast SEO plugin v27.4 - https:\/\/yoast.com\/product\/yoast-seo-wordpress\/ -->\n<title>Family Constellations \u2013 PACK with 5 DVD\u2019s - Osho Darshan Institute<\/title>\n<meta name=\"description\" content=\"Family Constellations \u2013 PACK with 5 DVD\u2019s - Osho Darshan Institute\" \/>\n<meta name=\"robots\" content=\"index, follow, max-snippet:-1, max-image-preview:large, max-video-preview:-1\" \/>\n<link rel=\"canonical\" href=\"https:\/\/darshan.life\/en\/products\/family-constellations-pack-with-5-dvds\/\" \/>\n<meta property=\"og:locale\" content=\"en_US\" \/>\n<meta property=\"og:type\" content=\"article\" \/>\n<meta property=\"og:title\" content=\"Family Constellations \u2013 PACK with 5 DVD\u2019s - Osho Darshan Institute\" \/>\n<meta property=\"og:description\" content=\"Family Constellations \u2013 PACK with 5 DVD\u2019s - Osho Darshan Institute\" \/>\n<meta property=\"og:url\" content=\"https:\/\/darshan.life\/en\/products\/family-constellations-pack-with-5-dvds\/\" \/>\n<meta property=\"og:site_name\" content=\"Osho Darshan Institute\" \/>\n<meta property=\"article:publisher\" content=\"https:\/\/www.facebook.com\/darshanlife\/\" \/>\n<meta property=\"article:modified_time\" content=\"2016-11-07T15:12:31+00:00\" \/>\n<meta property=\"og:image\" content=\"https:\/\/darshan.life\/wp-content\/uploads\/2016\/07\/darshan-social.jpg\" \/>\n\t<meta property=\"og:image:width\" content=\"600\" \/>\n\t<meta property=\"og:image:height\" content=\"314\" \/>\n\t<meta property=\"og:image:type\" content=\"image\/jpeg\" \/>\n<meta name=\"twitter:card\" content=\"summary_large_image\" \/>\n<meta name=\"twitter:label1\" content=\"Est. reading time\" \/>\n\t<meta name=\"twitter:data1\" content=\"3 minutes\" \/>\n<script type=\"application\/ld+json\" class=\"yoast-schema-graph\">{\"@context\":\"https:\\\/\\\/schema.org\",\"@graph\":[{\"@type\":\"WebPage\",\"@id\":\"https:\\\/\\\/darshan.life\\\/en\\\/products\\\/family-constellations-pack-with-5-dvds\\\/\",\"url\":\"https:\\\/\\\/darshan.life\\\/en\\\/products\\\/family-constellations-pack-with-5-dvds\\\/\",\"name\":\"Family Constellations \u2013 PACK with 5 DVD\u2019s - Osho Darshan Institute\",\"isPartOf\":{\"@id\":\"https:\\\/\\\/darshan.life\\\/#website\"},\"datePublished\":\"2016-11-07T15:10:55+00:00\",\"dateModified\":\"2016-11-07T15:12:31+00:00\",\"description\":\"Family Constellations \u2013 PACK with 5 DVD\u2019s - Osho Darshan Institute\",\"breadcrumb\":{\"@id\":\"https:\\\/\\\/darshan.life\\\/en\\\/products\\\/family-constellations-pack-with-5-dvds\\\/#breadcrumb\"},\"inLanguage\":\"en-US\",\"potentialAction\":[{\"@type\":\"ReadAction\",\"target\":[\"https:\\\/\\\/darshan.life\\\/en\\\/products\\\/family-constellations-pack-with-5-dvds\\\/\"]}]},{\"@type\":\"BreadcrumbList\",\"@id\":\"https:\\\/\\\/darshan.life\\\/en\\\/products\\\/family-constellations-pack-with-5-dvds\\\/#breadcrumb\",\"itemListElement\":[{\"@type\":\"ListItem\",\"position\":1,\"name\":\"Home\",\"item\":\"http:\\\/\\\/darshan.life\\\/en\\\/\"},{\"@type\":\"ListItem\",\"position\":2,\"name\":\"Products\",\"item\":\"https:\\\/\\\/darshan.life\\\/en\\\/products\\\/\"},{\"@type\":\"ListItem\",\"position\":3,\"name\":\"Family Constellations \u2013 PACK with 5 DVD\u2019s\"}]},{\"@type\":\"WebSite\",\"@id\":\"https:\\\/\\\/darshan.life\\\/#website\",\"url\":\"https:\\\/\\\/darshan.life\\\/\",\"name\":\"Osho Darshan Institute\",\"description\":\"A energia que cura e devolve o poder \u00e0s pessoas.\",\"publisher\":{\"@id\":\"https:\\\/\\\/darshan.life\\\/#organization\"},\"potentialAction\":[{\"@type\":\"SearchAction\",\"target\":{\"@type\":\"EntryPoint\",\"urlTemplate\":\"https:\\\/\\\/darshan.life\\\/?s={search_term_string}\"},\"query-input\":{\"@type\":\"PropertyValueSpecification\",\"valueRequired\":true,\"valueName\":\"search_term_string\"}}],\"inLanguage\":\"en-US\"},{\"@type\":\"Organization\",\"@id\":\"https:\\\/\\\/darshan.life\\\/#organization\",\"name\":\"Osho Institute for Life Alchemy\",\"url\":\"https:\\\/\\\/darshan.life\\\/\",\"logo\":{\"@type\":\"ImageObject\",\"inLanguage\":\"en-US\",\"@id\":\"https:\\\/\\\/darshan.life\\\/#\\\/schema\\\/logo\\\/image\\\/\",\"url\":\"https:\\\/\\\/darshan.life\\\/wp-content\\\/uploads\\\/2016\\\/03\\\/logo_web_top.png\",\"contentUrl\":\"https:\\\/\\\/darshan.life\\\/wp-content\\\/uploads\\\/2016\\\/03\\\/logo_web_top.png\",\"width\":300,\"height\":91,\"caption\":\"Osho Institute for Life Alchemy\"},\"image\":{\"@id\":\"https:\\\/\\\/darshan.life\\\/#\\\/schema\\\/logo\\\/image\\\/\"},\"sameAs\":[\"https:\\\/\\\/www.facebook.com\\\/darshanlife\\\/\",\"https:\\\/\\\/pt.pinterest.com\\\/darshanlife\\\/\",\"https:\\\/\\\/www.youtube.com\\\/channel\\\/UCn4jcqvTR99CRIOT4sXasDw\"]}]}<\/script>\n<!-- \/ Yoast SEO plugin. -->","yoast_head_json":{"title":"Family Constellations \u2013 PACK with 5 DVD\u2019s - Osho Darshan Institute","description":"Family Constellations \u2013 PACK with 5 DVD\u2019s - Osho Darshan Institute","robots":{"index":"index","follow":"follow","max-snippet":"max-snippet:-1","max-image-preview":"max-image-preview:large","max-video-preview":"max-video-preview:-1"},"canonical":"https:\/\/darshan.life\/en\/products\/family-constellations-pack-with-5-dvds\/","og_locale":"en_US","og_type":"article","og_title":"Family Constellations \u2013 PACK with 5 DVD\u2019s - Osho Darshan Institute","og_description":"Family Constellations \u2013 PACK with 5 DVD\u2019s - Osho Darshan Institute","og_url":"https:\/\/darshan.life\/en\/products\/family-constellations-pack-with-5-dvds\/","og_site_name":"Osho Darshan Institute","article_publisher":"https:\/\/www.facebook.com\/darshanlife\/","article_modified_time":"2016-11-07T15:12:31+00:00","og_image":[{"width":600,"height":314,"url":"https:\/\/darshan.life\/wp-content\/uploads\/2016\/07\/darshan-social.jpg","type":"image\/jpeg"}],"twitter_card":"summary_large_image","twitter_misc":{"Est. reading time":"3 minutes"},"schema":{"@context":"https:\/\/schema.org","@graph":[{"@type":"WebPage","@id":"https:\/\/darshan.life\/en\/products\/family-constellations-pack-with-5-dvds\/","url":"https:\/\/darshan.life\/en\/products\/family-constellations-pack-with-5-dvds\/","name":"Family Constellations \u2013 PACK with 5 DVD\u2019s - Osho Darshan Institute","isPartOf":{"@id":"https:\/\/darshan.life\/#website"},"datePublished":"2016-11-07T15:10:55+00:00","dateModified":"2016-11-07T15:12:31+00:00","description":"Family Constellations \u2013 PACK with 5 DVD\u2019s - Osho Darshan Institute","breadcrumb":{"@id":"https:\/\/darshan.life\/en\/products\/family-constellations-pack-with-5-dvds\/#breadcrumb"},"inLanguage":"en-US","potentialAction":[{"@type":"ReadAction","target":["https:\/\/darshan.life\/en\/products\/family-constellations-pack-with-5-dvds\/"]}]},{"@type":"BreadcrumbList","@id":"https:\/\/darshan.life\/en\/products\/family-constellations-pack-with-5-dvds\/#breadcrumb","itemListElement":[{"@type":"ListItem","position":1,"name":"Home","item":"http:\/\/darshan.life\/en\/"},{"@type":"ListItem","position":2,"name":"Products","item":"https:\/\/darshan.life\/en\/products\/"},{"@type":"ListItem","position":3,"name":"Family Constellations \u2013 PACK with 5 DVD\u2019s"}]},{"@type":"WebSite","@id":"https:\/\/darshan.life\/#website","url":"https:\/\/darshan.life\/","name":"Osho Darshan Institute","description":"A energia que cura e devolve o poder \u00e0s pessoas.","publisher":{"@id":"https:\/\/darshan.life\/#organization"},"potentialAction":[{"@type":"SearchAction","target":{"@type":"EntryPoint","urlTemplate":"https:\/\/darshan.life\/?s={search_term_string}"},"query-input":{"@type":"PropertyValueSpecification","valueRequired":true,"valueName":"search_term_string"}}],"inLanguage":"en-US"},{"@type":"Organization","@id":"https:\/\/darshan.life\/#organization","name":"Osho Institute for Life Alchemy","url":"https:\/\/darshan.life\/","logo":{"@type":"ImageObject","inLanguage":"en-US","@id":"https:\/\/darshan.life\/#\/schema\/logo\/image\/","url":"https:\/\/darshan.life\/wp-content\/uploads\/2016\/03\/logo_web_top.png","contentUrl":"https:\/\/darshan.life\/wp-content\/uploads\/2016\/03\/logo_web_top.png","width":300,"height":91,"caption":"Osho Institute for Life Alchemy"},"image":{"@id":"https:\/\/darshan.life\/#\/schema\/logo\/image\/"},"sameAs":["https:\/\/www.facebook.com\/darshanlife\/","https:\/\/pt.pinterest.com\/darshanlife\/","https:\/\/www.youtube.com\/channel\/UCn4jcqvTR99CRIOT4sXasDw"]}]}},"_links":{"self":[{"href":"https:\/\/darshan.life\/en\/wp-json\/wp\/v2\/pages\/5872\/"}],"collection":[{"href":"https:\/\/darshan.life\/en\/wp-json\/wp\/v2\/pages\/"}],"about":[{"href":"https:\/\/darshan.life\/en\/wp-json\/wp\/v2\/types\/page\/"}],"author":[{"embeddable":true,"href":"https:\/\/darshan.life\/en\/wp-json\/wp\/v2\/users\/7\/"}],"replies":[{"embeddable":true,"href":"https:\/\/darshan.life\/en\/wp-json\/wp\/v2\/comments\/?post=5872"}],"version-history":[{"count":3,"href":"https:\/\/darshan.life\/en\/wp-json\/wp\/v2\/pages\/5872\/revisions\/"}],"predecessor-version":[{"id":5875,"href":"https:\/\/darshan.life\/en\/wp-json\/wp\/v2\/pages\/5872\/revisions\/5875\/"}],"up":[{"embeddable":true,"href":"https:\/\/darshan.life\/en\/wp-json\/wp\/v2\/pages\/5974\/"}],"wp:attachment":[{"href":"https:\/\/darshan.life\/en\/wp-json\/wp\/v2\/media\/?parent=5872"}],"curies":[{"name":"wp","href":"https:\/\/api.w.org\/{rel}","templated":true}]}}